{"id":5671,"date":"2021-09-15T18:24:46","date_gmt":"2021-09-15T18:24:46","guid":{"rendered":"https:\/\/gastrolifeassistance.com\/?page_id=5671"},"modified":"2021-09-15T19:08:46","modified_gmt":"2021-09-15T19:08:46","slug":"dis-hekimligi-2","status":"publish","type":"page","link":"https:\/\/gastrolifeassistance.com\/tr\/dis-hekimligi-2\/","title":{"rendered":"Di\u015f Hekimli\u011fi"},"content":{"rendered":"\t\t<div data-elementor-type=\"wp-post\" data-elementor-id=\"5671\" class=\"elementor elementor-5671 elementor-5665\" data-elementor-settings=\"[]\">\n\t\t\t\t\t\t<div class=\"elementor-inner\">\n\t\t\t\t\t\t\t<div class=\"elementor-section-wrap\">\n\t\t\t\t\t\t\t<section class=\"elementor-section elementor-top-section elementor-element elementor-element-bf3250a margin-class elementor-section-boxed elementor-section-height-default elementor-section-height-default\" data-id=\"bf3250a\" data-element_type=\"section\">\n\t\t\t\t\t\t<div class=\"elementor-container elementor-column-gap-default\">\n\t\t\t\t\t\t\t<div class=\"elementor-row\">\n\t\t\t\t\t<div class=\"elementor-column elementor-col-100 elementor-top-column elementor-element elementor-element-3f1cd99\" data-id=\"3f1cd99\" data-element_type=\"column\">\n\t\t\t<div class=\"elementor-column-wrap elementor-element-populated\">\n\t\t\t\t\t\t\t<div class=\"elementor-widget-wrap\">\n\t\t\t\t\t\t<div class=\"elementor-element elementor-element-0444625 elementor-widget elementor-widget-image\" data-id=\"0444625\" data-element_type=\"widget\" data-widget_type=\"image.default\">\n\t\t\t\t<div class=\"elementor-widget-container\">\n\t\t\t\t\t\t\t\t<div class=\"elementor-image\">\n\t\t\t\t\t\t\t\t\t\t\t\t<img src=\"https:\/\/gastrolifeassistance.com\/wp-content\/uploads\/2021\/09\/Dentistry--scaled.jpg\" title=\"Dentistry\" alt=\"Dentistry\" \/>\t\t\t\t\t\t\t\t\t\t\t\t\t\t<\/div>\n\t\t\t\t\t\t<\/div>\n\t\t\t\t<\/div>\n\t\t\t\t<div class=\"elementor-element elementor-element-5ad738d elementor-widget elementor-widget-text-editor\" data-id=\"5ad738d\" data-element_type=\"widget\" data-widget_type=\"text-editor.default\">\n\t\t\t\t<div class=\"elementor-widget-container\">\n\t\t\t\t\t\t\t\t<div class=\"elementor-text-editor elementor-clearfix\">\n\t\t\t\t<p class=\"p1\">G\u00fcl\u00fc\u015f\u00fcn\u00fcz\u00fcn g\u00f6r\u00fcn\u00fcm\u00fcn\u00fc iyile\u015ftirmeyi d\u00fc\u015f\u00fcn\u00fcyorsan\u0131z, di\u015f kaplamalar\u0131n\u0131 d\u00fc\u015f\u00fcnebilirsiniz. Kaplamalar, kozmetik di\u015f hekimli\u011fi tedavisinde pop\u00fcler bir se\u00e7imdir ve \u00e7ok y\u00f6nl\u00fcl\u00fckleri nedeniyle bir dizi farkl\u0131 di\u015f sorununu tedavi etmek i\u00e7in kullan\u0131labilir. Ancak, onlar hakk\u0131nda \u00e7ok \u015fey bilmiyor olabilirsiniz.<br \/><br \/><strong>Di\u015f Kaplamalar\u0131 Nedir ve Nas\u0131l \u00c7al\u0131\u015f\u0131rlar?<\/strong><br \/>Di\u015f tedavisinin pop\u00fcler bir se\u00e7imi zirkonyum kaplamalard\u0131r. Kaplamalar, bir\u00e7ok b\u0131\u00e7ak ve makas\u0131n yap\u0131ld\u0131\u011f\u0131 \u00e7ok g\u00fc\u00e7l\u00fc bir metal olan zirkonyumdan yap\u0131lm\u0131\u015f ince kabuklard\u0131r. Gastro Life Assistance&#8217;da kullan\u0131lan marka, sekt\u00f6rdeki en iyi zirkonyum kaplama markas\u0131 olan IVOCLAR&#8217;d\u0131r. Kaplamalar, belirli bir di\u015fin d\u0131\u015f minesinin \u00fczerine oturacak \u015fekilde bireysel olarak \u00f6zelle\u015ftirilir. G\u00fcl\u00fcmsemenizi geli\u015ftirmek i\u00e7in istedi\u011finiz say\u0131da kaplama se\u00e7ebilirsiniz. Kaplama ki\u015fiye \u00f6zel olu\u015fturulduktan sonra kaplama, \u00f6zel bir yap\u0131\u015ft\u0131rma malzemesi kullan\u0131larak di\u015fe yap\u0131\u015ft\u0131r\u0131l\u0131r.<br \/><br \/><strong>Di\u015f Kaplamalar\u0131 \u0130\u00e7in Hangi Haz\u0131rl\u0131klar\u0131n Yap\u0131lmas\u0131 Gerekir?<\/strong><br \/>Her kaplama di\u015fin d\u0131\u015f minesine yap\u0131\u015ft\u0131r\u0131l\u0131r, ancak yap\u0131\u015ft\u0131r\u0131lmadan \u00f6nce az miktarda do\u011fal minenin \u00e7\u0131kar\u0131lmas\u0131 gerekir. Bu, kaplamalar\u0131n g\u00fcvenli bir \u015fekilde oturmas\u0131na yard\u0131mc\u0131 olur ve di\u015flerinizin do\u011fal olmayan \u015fekilde kal\u0131n g\u00f6r\u00fcnmesini engeller. \u00c7\u0131karma i\u015flemi lokal anestezi ile yap\u0131l\u0131r, bu nedenle herhangi bir ac\u0131 \u00e7ekmezsiniz. Emaye \u00e7\u0131kar\u0131ld\u0131ktan sonra tekrar b\u00fcy\u00fcmeyecektir. Bu, di\u015fleriniz kaplamalar i\u00e7in haz\u0131rland\u0131ktan sonra, onlar\u0131 kaplamak i\u00e7in her zaman kaplamalara ihtiyac\u0131n\u0131z olaca\u011f\u0131 anlam\u0131na gelir.<br \/><br \/><strong>Di\u015f Kaplamalar\u0131 Hangi Sorunlar\u0131 D\u00fczeltebilir?<\/strong><br \/>Kaplamalar, di\u015fler aras\u0131ndaki bo\u015fluklar, k\u00fc\u00e7\u00fck veya b\u00fcy\u00fck di\u015fler, di\u011fer di\u015flerden geride kalan di\u015fler, renklenme veya lekeler ve tala\u015f veya \u00e7atlak gibi k\u00fc\u00e7\u00fck kusurlar dahil olmak \u00fczere \u00e7ok \u00e7e\u015fitli kozmetik di\u015f problemlerini d\u00fczeltmek i\u00e7in kullan\u0131labilir.<br \/><br \/><strong>Kaplamalar Kal\u0131c\u0131 m\u0131?<\/strong><br \/>Evet, can\u0131n\u0131z istedi\u011finde silemeyece\u011finiz, g\u00fcl\u00fcmsemenize kal\u0131c\u0131 bir katk\u0131 sa\u011flarlar. Ancak, kaplamalar sonsuza kadar s\u00fcrmez. Uygun bak\u0131m ile 20 y\u0131la kadar bozulmadan kalabilirler, ancak bundan sonra muhtemelen de\u011fi\u015ftirilmeleri gerekecektir.<\/p>\t\t\t\t\t<\/div>\n\t\t\t\t\t\t<\/div>\n\t\t\t\t<\/div>\n\t\t\t\t\t\t<\/div>\n\t\t\t\t\t<\/div>\n\t\t<\/div>\n\t\t\t\t\t\t\t\t<\/div>\n\t\t\t\t\t<\/div>\n\t\t<\/section>\n\t\t\t\t<section class=\"elementor-section elementor-top-section elementor-element elementor-element-3cd99cb6 elementor-section-stretched elementor-section-boxed elementor-section-height-default elementor-section-height-default\" data-id=\"3cd99cb6\" data-element_type=\"section\" data-settings=\"{&quot;stretch_section&quot;:&quot;section-stretched&quot;,&quot;background_background&quot;:&quot;classic&quot;}\">\n\t\t\t\t\t\t<div class=\"elementor-container elementor-column-gap-no\">\n\t\t\t\t\t\t\t<div class=\"elementor-row\">\n\t\t\t\t\t<div class=\"elementor-column elementor-col-50 elementor-top-column elementor-element elementor-element-0a4d848\" data-id=\"0a4d848\" data-element_type=\"column\" data-settings=\"{&quot;background_background&quot;:&quot;classic&quot;}\">\n\t\t\t<div class=\"elementor-column-wrap elementor-element-populated\">\n\t\t\t\t\t\t\t<div class=\"elementor-widget-wrap\">\n\t\t\t\t\t\t<div class=\"elementor-element elementor-element-8d719c9 elementor-widget elementor-widget-heading\" data-id=\"8d719c9\" data-element_type=\"widget\" data-widget_type=\"heading.default\">\n\t\t\t\t<div class=\"elementor-widget-container\">\n\t\t\t<h2 class=\"elementor-heading-title elementor-size-default\">Why We Are Best?<\/h2>\t\t<\/div>\n\t\t\t\t<\/div>\n\t\t\t\t<div class=\"elementor-element elementor-element-1dd03d3 elementor-widget-divider--view-line elementor-widget elementor-widget-divider\" data-id=\"1dd03d3\" data-element_type=\"widget\" data-widget_type=\"divider.default\">\n\t\t\t\t<div class=\"elementor-widget-container\">\n\t\t\t\t\t<div class=\"elementor-divider\">\n\t\t\t<span class=\"elementor-divider-separator\">\n\t\t\t\t\t\t<\/span>\n\t\t<\/div>\n\t\t\t\t<\/div>\n\t\t\t\t<\/div>\n\t\t\t\t<div class=\"elementor-element elementor-element-f8e7cad elementor-position-left elementor-view-default elementor-vertical-align-top elementor-widget elementor-widget-icon-box\" data-id=\"f8e7cad\" data-element_type=\"widget\" data-widget_type=\"icon-box.default\">\n\t\t\t\t<div class=\"elementor-widget-container\">\n\t\t\t\t\t<div class=\"elementor-icon-box-wrapper\">\n\t\t\t\t\t\t<div class=\"elementor-icon-box-icon\">\n\t\t\t\t<a class=\"elementor-icon elementor-animation-\" href=\"#\">\n\t\t\t\t<i aria-hidden=\"true\" class=\"fas fa-briefcase-medical\"><\/i>\t\t\t\t<\/a>\n\t\t\t<\/div>\n\t\t\t\t\t\t<div class=\"elementor-icon-box-content\">\n\t\t\t\t<h3 class=\"elementor-icon-box-title\">\n\t\t\t\t\t<a href=\"#\" >\n\t\t\t\t\t\tEXCLUSIVITY\t\t\t\t\t<\/a>\n\t\t\t\t<\/h3>\n\t\t\t\t\t\t\t\t\t<p class=\"elementor-icon-box-description\">\n\t\t\t\t\t\tWe source the most elite medical services so you don\u2019t have to. All our surgeons, hospitals and dentists are the leaders in their field and all work exclusively with state of the art technology.\n\t\t\t\t\t<\/p>\n\t\t\t\t\t\t\t<\/div>\n\t\t<\/div>\n\t\t\t\t<\/div>\n\t\t\t\t<\/div>\n\t\t\t\t<div class=\"elementor-element elementor-element-25eba98 elementor-position-left elementor-view-default elementor-vertical-align-top elementor-widget elementor-widget-icon-box\" data-id=\"25eba98\" data-element_type=\"widget\" data-widget_type=\"icon-box.default\">\n\t\t\t\t<div class=\"elementor-widget-container\">\n\t\t\t\t\t<div class=\"elementor-icon-box-wrapper\">\n\t\t\t\t\t\t<div class=\"elementor-icon-box-icon\">\n\t\t\t\t<a class=\"elementor-icon elementor-animation-\" href=\"#\">\n\t\t\t\t<i aria-hidden=\"true\" class=\"fas fa-heart\"><\/i>\t\t\t\t<\/a>\n\t\t\t<\/div>\n\t\t\t\t\t\t<div class=\"elementor-icon-box-content\">\n\t\t\t\t<h3 class=\"elementor-icon-box-title\">\n\t\t\t\t\t<a href=\"#\" >\n\t\t\t\t\t\tCare\t\t\t\t\t<\/a>\n\t\t\t\t<\/h3>\n\t\t\t\t\t\t\t\t\t<p class=\"elementor-icon-box-description\">\n\t\t\t\t\t\tWe offer bespoke, all inclusive packages where everything is organised from the moment you step off the plane.  One of our carers will stay with you at the hospital 24\/7 to assist you with absolutely everything from beginning to end. \t\t\t\t\t<\/p>\n\t\t\t\t\t\t\t<\/div>\n\t\t<\/div>\n\t\t\t\t<\/div>\n\t\t\t\t<\/div>\n\t\t\t\t<div class=\"elementor-element elementor-element-9602c09 elementor-position-left elementor-view-default elementor-vertical-align-top elementor-widget elementor-widget-icon-box\" data-id=\"9602c09\" data-element_type=\"widget\" data-widget_type=\"icon-box.default\">\n\t\t\t\t<div class=\"elementor-widget-container\">\n\t\t\t\t\t<div class=\"elementor-icon-box-wrapper\">\n\t\t\t\t\t\t<div class=\"elementor-icon-box-icon\">\n\t\t\t\t<a class=\"elementor-icon elementor-animation-\" href=\"#\">\n\t\t\t\t<i aria-hidden=\"true\" class=\"fas fa-tasks\"><\/i>\t\t\t\t<\/a>\n\t\t\t<\/div>\n\t\t\t\t\t\t<div class=\"elementor-icon-box-content\">\n\t\t\t\t<h3 class=\"elementor-icon-box-title\">\n\t\t\t\t\t<a href=\"#\" >\n\t\t\t\t\t\tCommitment\t\t\t\t\t<\/a>\n\t\t\t\t<\/h3>\n\t\t\t\t\t\t\t\t\t<p class=\"elementor-icon-box-description\">\n\t\t\t\t\t\tOur priority is your health and happiness and our commitment to you and these priorities is a lifelong one. You can contact us at any time day or night before, during and after your treatment and we will always do everything we can to support and guide you with the help of our elite medical team.\n\t\t\t\t\t<\/p>\n\t\t\t\t\t\t\t<\/div>\n\t\t<\/div>\n\t\t\t\t<\/div>\n\t\t\t\t<\/div>\n\t\t\t\t\t\t<\/div>\n\t\t\t\t\t<\/div>\n\t\t<\/div>\n\t\t\t\t<div class=\"elementor-column elementor-col-50 elementor-top-column elementor-element elementor-element-255e3307\" data-id=\"255e3307\" data-element_type=\"column\" data-settings=\"{&quot;background_background&quot;:&quot;classic&quot;}\">\n\t\t\t<div class=\"elementor-column-wrap elementor-element-populated\">\n\t\t\t\t\t\t\t<div class=\"elementor-widget-wrap\">\n\t\t\t\t\t\t<div class=\"elementor-element elementor-element-55d1c875 elementor-widget elementor-widget-shortcode\" data-id=\"55d1c875\" data-element_type=\"widget\" data-widget_type=\"shortcode.default\">\n\t\t\t\t<div class=\"elementor-widget-container\">\n\t\t\t\t\t<div class=\"elementor-shortcode\"><div role=\"form\" class=\"wpcf7\" id=\"wpcf7-f2696-o1\" lang=\"en-US\" dir=\"ltr\">\n<div class=\"screen-reader-response\"><p role=\"status\" aria-live=\"polite\" aria-atomic=\"true\"><\/p> <ul><\/ul><\/div>\n<form action=\"\/tr\/wp-json\/wp\/v2\/pages\/5671#wpcf7-f2696-o1\" method=\"post\" class=\"wpcf7-form init\" novalidate=\"novalidate\" data-status=\"init\">\n<div style=\"display: none;\">\n<input type=\"hidden\" name=\"_wpcf7\" value=\"2696\" \/>\n<input type=\"hidden\" name=\"_wpcf7_version\" value=\"5.4.2\" \/>\n<input type=\"hidden\" name=\"_wpcf7_locale\" value=\"en_US\" \/>\n<input type=\"hidden\" name=\"_wpcf7_unit_tag\" value=\"wpcf7-f2696-o1\" \/>\n<input type=\"hidden\" name=\"_wpcf7_container_post\" value=\"0\" \/>\n<input type=\"hidden\" name=\"_wpcf7_posted_data_hash\" value=\"\" \/>\n<\/div>\n<div class=\"appointment-box-layout1 light\">\n<h3 class=\"section-title-light title-bar-primary\">Make An Appointment<\/h3>\n<div class=\"row gutters-15\">\n<div class=\"col-12 form-group\">\n<span class=\"wpcf7-form-control-wrap department\"><select name=\"department\" class=\"wpcf7-form-control wpcf7-select wpcf7-validates-as-required select2\" aria-required=\"true\" aria-invalid=\"false\"><option value=\"Select Department\">Select Department<\/option><option value=\"Gynaecology\">Gynaecology<\/option><option value=\"Cardiology\">Cardiology<\/option><option value=\"Orthopaedics\">Orthopaedics<\/option><option value=\"Medicine\">Medicine<\/option><\/select><\/span>\n<\/div>\n<div class=\"col-12 form-group\">\n<span class=\"wpcf7-form-control-wrap form-name\"><input type=\"text\" name=\"form-name\" value=\"\" size=\"40\" class=\"wpcf7-form-control wpcf7-text wpcf7-validates-as-required form-control\" aria-required=\"true\" aria-invalid=\"false\" placeholder=\"Name Surname *\" \/><\/span>\n<\/div>\n<div class=\"col-12 form-group\">\n<span class=\"wpcf7-form-control-wrap form-name\"><input type=\"text\" name=\"form-name\" value=\"\" size=\"40\" class=\"wpcf7-form-control wpcf7-text wpcf7-validates-as-required form-control\" aria-required=\"true\" aria-invalid=\"false\" placeholder=\"Country *\" \/><\/span>\n<\/div>\n<div class=\"col-md-6 form-group\">\n<span class=\"wpcf7-form-control-wrap form-name\"><input type=\"text\" name=\"form-name\" value=\"\" size=\"40\" class=\"wpcf7-form-control wpcf7-text wpcf7-validates-as-required form-control\" aria-required=\"true\" aria-invalid=\"false\" placeholder=\"Phone *\" \/><\/span>\n<\/div>\n<div class=\"col-md-6 form-group\">\n<span class=\"wpcf7-form-control-wrap email\"><input type=\"email\" name=\"email\" value=\"\" size=\"40\" class=\"wpcf7-form-control wpcf7-text wpcf7-email wpcf7-validates-as-required wpcf7-validates-as-email form-control\" aria-required=\"true\" aria-invalid=\"false\" placeholder=\"E-mail*\" \/><\/span>\n<\/div>\n<div class=\"col-12 form-group\">\n<span class=\"wpcf7-form-control-wrap message\"><textarea name=\"message\" cols=\"40\" rows=\"10\" class=\"wpcf7-form-control wpcf7-textarea textarea form-control\" aria-invalid=\"false\" placeholder=\"Message\"><\/textarea><\/span>\n<\/div>\n<div class=\"col-12 form-group\">\n<input type=\"submit\" value=\"Get Free Consultation\" class=\"wpcf7-form-control wpcf7-submit item-btn\" \/>\n<\/div>\n<\/div>\n<\/div>\n<div class=\"wpcf7-response-output\" aria-hidden=\"true\"><\/div><\/form><\/div><\/div>\n\t\t\t\t<\/div>\n\t\t\t\t<\/div>\n\t\t\t\t\t\t<\/div>\n\t\t\t\t\t<\/div>\n\t\t<\/div>\n\t\t\t\t\t\t\t\t<\/div>\n\t\t\t\t\t<\/div>\n\t\t<\/section>\n\t\t\t\t\t\t<\/div>\n\t\t\t\t\t\t<\/div>\n\t\t\t\t\t<\/div>\n\t\t","protected":false},"excerpt":{"rendered":"<p>G\u00fcl\u00fc\u015f\u00fcn\u00fcz\u00fcn g\u00f6r\u00fcn\u00fcm\u00fcn\u00fc iyile\u015ftirmeyi d\u00fc\u015f\u00fcn\u00fcyorsan\u0131z, di\u015f kaplamalar\u0131n\u0131 d\u00fc\u015f\u00fcnebilirsiniz. Kaplamalar, kozmetik di\u015f hekimli\u011fi tedavisinde pop\u00fcler bir se\u00e7imdir ve \u00e7ok y\u00f6nl\u00fcl\u00fckleri nedeniyle bir dizi farkl\u0131 di\u015f sorununu tedavi etmek i\u00e7in kullan\u0131labilir. Ancak, onlar hakk\u0131nda \u00e7ok \u015fey bilmiyor olabilirsiniz. Di\u015f Kaplamalar\u0131 Nedir ve Nas\u0131l \u00c7al\u0131\u015f\u0131rlar?Di\u015f tedavisinin pop\u00fcler bir se\u00e7imi zirkonyum kaplamalard\u0131r. Kaplamalar, bir\u00e7ok b\u0131\u00e7ak ve makas\u0131n yap\u0131ld\u0131\u011f\u0131 \u00e7ok g\u00fc\u00e7l\u00fc<\/p>\n","protected":false},"author":1,"featured_media":0,"parent":0,"menu_order":0,"comment_status":"closed","ping_status":"closed","template":"","meta":[],"_links":{"self":[{"href":"https:\/\/gastrolifeassistance.com\/tr\/wp-json\/wp\/v2\/pages\/5671"}],"collection":[{"href":"https:\/\/gastrolifeassistance.com\/tr\/wp-json\/wp\/v2\/pages"}],"about":[{"href":"https:\/\/gastrolifeassistance.com\/tr\/wp-json\/wp\/v2\/types\/page"}],"author":[{"embeddable":true,"href":"https:\/\/gastrolifeassistance.com\/tr\/wp-json\/wp\/v2\/users\/1"}],"replies":[{"embeddable":true,"href":"https:\/\/gastrolifeassistance.com\/tr\/wp-json\/wp\/v2\/comments?post=5671"}],"version-history":[{"count":7,"href":"https:\/\/gastrolifeassistance.com\/tr\/wp-json\/wp\/v2\/pages\/5671\/revisions"}],"predecessor-version":[{"id":5692,"href":"https:\/\/gastrolifeassistance.com\/tr\/wp-json\/wp\/v2\/pages\/5671\/revisions\/5692"}],"wp:attachment":[{"href":"https:\/\/gastrolifeassistance.com\/tr\/wp-json\/wp\/v2\/media?parent=5671"}],"curies":[{"name":"wp","href":"https:\/\/api.w.org\/{rel}","templated":true}]}}