{"id":4212,"date":"2021-08-30T18:20:42","date_gmt":"2021-08-30T18:20:42","guid":{"rendered":"https:\/\/gastrolifeassistance.com\/?page_id=4212"},"modified":"2021-08-30T18:30:26","modified_gmt":"2021-08-30T18:30:26","slug":"ucretsiz-danismanlik","status":"publish","type":"page","link":"https:\/\/gastrolifeassistance.com\/tr\/ucretsiz-danismanlik\/","title":{"rendered":"\u00dccretsiz Dan\u0131\u015fmanl\u0131k"},"content":{"rendered":"\t\t<div data-elementor-type=\"wp-post\" data-elementor-id=\"4212\" class=\"elementor elementor-4212 elementor-4210\" data-elementor-settings=\"[]\">\n\t\t\t\t\t\t<div class=\"elementor-inner\">\n\t\t\t\t\t\t\t<div class=\"elementor-section-wrap\">\n\t\t\t\t\t\t\t<section class=\"elementor-section elementor-top-section elementor-element elementor-element-ddea8a5 elementor-section-boxed elementor-section-height-default elementor-section-height-default\" data-id=\"ddea8a5\" data-element_type=\"section\">\n\t\t\t\t\t\t<div class=\"elementor-container elementor-column-gap-default\">\n\t\t\t\t\t\t\t<div class=\"elementor-row\">\n\t\t\t\t\t<div class=\"elementor-column elementor-col-100 elementor-top-column elementor-element elementor-element-3d3f87e\" data-id=\"3d3f87e\" data-element_type=\"column\">\n\t\t\t<div class=\"elementor-column-wrap elementor-element-populated\">\n\t\t\t\t\t\t\t<div class=\"elementor-widget-wrap\">\n\t\t\t\t\t\t<div class=\"elementor-element elementor-element-4609814 elementor-widget elementor-widget-spacer\" data-id=\"4609814\" data-element_type=\"widget\" data-widget_type=\"spacer.default\">\n\t\t\t\t<div class=\"elementor-widget-container\">\n\t\t\t\t\t<div class=\"elementor-spacer\">\n\t\t\t<div class=\"elementor-spacer-inner\"><\/div>\n\t\t<\/div>\n\t\t\t\t<\/div>\n\t\t\t\t<\/div>\n\t\t\t\t\t\t<\/div>\n\t\t\t\t\t<\/div>\n\t\t<\/div>\n\t\t\t\t\t\t\t\t<\/div>\n\t\t\t\t\t<\/div>\n\t\t<\/section>\n\t\t\t\t<section class=\"elementor-section elementor-top-section elementor-element elementor-element-be8a286 elementor-section-boxed elementor-section-height-default elementor-section-height-default\" data-id=\"be8a286\" data-element_type=\"section\">\n\t\t\t\t\t\t<div class=\"elementor-container elementor-column-gap-default\">\n\t\t\t\t\t\t\t<div class=\"elementor-row\">\n\t\t\t\t\t<div class=\"elementor-column elementor-col-100 elementor-top-column elementor-element elementor-element-82bef79\" data-id=\"82bef79\" data-element_type=\"column\">\n\t\t\t<div class=\"elementor-column-wrap elementor-element-populated\">\n\t\t\t\t\t\t\t<div class=\"elementor-widget-wrap\">\n\t\t\t\t\t\t<div class=\"elementor-element elementor-element-0fc2c28 elementor-widget elementor-widget-shortcode\" data-id=\"0fc2c28\" data-element_type=\"widget\" data-widget_type=\"shortcode.default\">\n\t\t\t\t<div class=\"elementor-widget-container\">\n\t\t\t\t\t<div class=\"elementor-shortcode\"><div role=\"form\" class=\"wpcf7\" id=\"wpcf7-f4182-o1\" lang=\"en-US\" dir=\"ltr\">\n<div class=\"screen-reader-response\"><p role=\"status\" aria-live=\"polite\" aria-atomic=\"true\"><\/p> <ul><\/ul><\/div>\n<form action=\"\/tr\/wp-json\/wp\/v2\/pages\/4212#wpcf7-f4182-o1\" method=\"post\" class=\"wpcf7-form init\" novalidate=\"novalidate\" data-status=\"init\">\n<div style=\"display: none;\">\n<input type=\"hidden\" name=\"_wpcf7\" value=\"4182\" \/>\n<input type=\"hidden\" name=\"_wpcf7_version\" value=\"5.4.2\" \/>\n<input type=\"hidden\" name=\"_wpcf7_locale\" value=\"en_US\" \/>\n<input type=\"hidden\" name=\"_wpcf7_unit_tag\" value=\"wpcf7-f4182-o1\" \/>\n<input type=\"hidden\" name=\"_wpcf7_container_post\" value=\"0\" \/>\n<input type=\"hidden\" name=\"_wpcf7_posted_data_hash\" value=\"\" \/>\n<\/div>\n<div class=\"appointment-box-layout1 light no-padding\">\n<h6 class=\"section-title-light\">\u00dccretsiz Dan\u0131\u015fmanl\u0131k<\/h6>\n<h3 class=\"section-title-light\">24 SAAT \u0130\u00c7ER\u0130S\u0130NDE S\u0130Z\u0130NLE \u0130LET\u0130\u015e\u0130ME GE\u00c7ECEKT\u0130R.<\/h3>\n<p class=\"rtin-title\">Bilgilerinizi doldurun, size hemen geri d\u00f6nelim.<\/p>\n<div class=\"row gutters-15\">\n<div class=\"col-md-6 form-group\">\n<span class=\"wpcf7-form-control-wrap name-surname\"><input type=\"text\" name=\"name-surname\" value=\"\" size=\"40\" class=\"wpcf7-form-control wpcf7-text wpcf7-validates-as-required form-control\" aria-required=\"true\" aria-invalid=\"false\" placeholder=\"Ad Soyad *\" \/><\/span>\n<\/div>\n<div class=\"col-md-6 form-group\">\n<span class=\"wpcf7-form-control-wrap email\"><input type=\"email\" name=\"email\" value=\"\" size=\"40\" class=\"wpcf7-form-control wpcf7-text wpcf7-email wpcf7-validates-as-required wpcf7-validates-as-email form-control\" aria-required=\"true\" aria-invalid=\"false\" placeholder=\"E-mail*\" \/><\/span>\n<\/div>\n<div class=\"col-md-6 form-group\">\n<span class=\"wpcf7-form-control-wrap phone\"><input type=\"text\" name=\"phone\" value=\"\" size=\"40\" class=\"wpcf7-form-control wpcf7-text wpcf7-validates-as-required form-control\" aria-required=\"true\" aria-invalid=\"false\" placeholder=\"Telefon *\" \/><\/span>\n<\/div>\n<div class=\"col-md-6 form-group\">\n<span class=\"wpcf7-form-control-wrap country\"><input type=\"text\" name=\"country\" value=\"\" size=\"40\" class=\"wpcf7-form-control wpcf7-text wpcf7-validates-as-required form-control\" aria-required=\"true\" aria-invalid=\"false\" placeholder=\"\u00dckle *\" \/><\/span>\n<\/div>\n<div class=\"col-12 form-group\">\n<span class=\"wpcf7-form-control-wrap departmentt\"><select name=\"departmentt\" class=\"wpcf7-form-control wpcf7-select wpcf7-validates-as-required select2\" aria-required=\"true\" aria-invalid=\"false\"><option value=\"\u0130lgili Hizmeti\">\u0130lgili Hizmeti<\/option><option value=\"T\u00fcp Mide Ameliyat\u0131\">T\u00fcp Mide Ameliyat\u0131<\/option><option value=\"Gastrik Bypass Ameliyat\u0131\">Gastrik Bypass Ameliyat\u0131<\/option><option value=\"Dental Tedaviler\">Dental Tedaviler<\/option><option value=\"Abdominoplasti\">Abdominoplasti<\/option><option value=\"Meme Esteti\u011fi\">Meme Esteti\u011fi<\/option><option value=\"Mummy Makeover\">Mummy Makeover<\/option><option value=\"Kal\u00e7a Esteti\u011fi\">Kal\u00e7a Esteti\u011fi<\/option><option value=\"Liposuction\">Liposuction<\/option><option value=\"Kol Germe Ameliyat\u0131\">Kol Germe Ameliyat\u0131<\/option><option value=\"Uyluk Germe Ameliyat\u0131\">Uyluk Germe Ameliyat\u0131<\/option><option value=\"Y\u00fcz Esteti\u011fi\">Y\u00fcz Esteti\u011fi<\/option><option value=\"Erkeklere \u00d6zel\">Erkeklere \u00d6zel<\/option><option value=\"Vajina gen\u00e7le\u015ftirme ameliyatlar\u0131\">Vajina gen\u00e7le\u015ftirme ameliyatlar\u0131<\/option><\/select><\/span>\n<\/div>\n<div class=\"col-12 form-group\">\n<span class=\"wpcf7-form-control-wrap subject\"><input type=\"text\" name=\"subject\" value=\"\" size=\"40\" class=\"wpcf7-form-control wpcf7-text wpcf7-validates-as-required form-control\" aria-required=\"true\" aria-invalid=\"false\" placeholder=\"Konu *\" \/><\/span>\n<\/div>\n<div class=\"col-12 form-group\">\n<span class=\"wpcf7-form-control-wrap message\"><textarea name=\"message\" cols=\"40\" rows=\"10\" class=\"wpcf7-form-control wpcf7-textarea textarea form-control\" aria-invalid=\"false\" placeholder=\"Mesaj\"><\/textarea><\/span>\n<\/div>\n<div class=\"col-12 form-group\">\n<input type=\"submit\" value=\"\u00dccretsiz Dan\u0131\u015fmanl\u0131k Al\u0131n\" class=\"wpcf7-form-control wpcf7-submit item-btn\" \/>\n<\/div>\n<\/div>\n<\/div>\n<div class=\"wpcf7-response-output\" aria-hidden=\"true\"><\/div><\/form><\/div><\/div>\n\t\t\t\t<\/div>\n\t\t\t\t<\/div>\n\t\t\t\t\t\t<\/div>\n\t\t\t\t\t<\/div>\n\t\t<\/div>\n\t\t\t\t\t\t\t\t<\/div>\n\t\t\t\t\t<\/div>\n\t\t<\/section>\n\t\t\t\t\t\t<\/div>\n\t\t\t\t\t\t<\/div>\n\t\t\t\t\t<\/div>\n\t\t","protected":false},"excerpt":{"rendered":"","protected":false},"author":1,"featured_media":0,"parent":0,"menu_order":0,"comment_status":"closed","ping_status":"closed","template":"","meta":[],"_links":{"self":[{"href":"https:\/\/gastrolifeassistance.com\/tr\/wp-json\/wp\/v2\/pages\/4212"}],"collection":[{"href":"https:\/\/gastrolifeassistance.com\/tr\/wp-json\/wp\/v2\/pages"}],"about":[{"href":"https:\/\/gastrolifeassistance.com\/tr\/wp-json\/wp\/v2\/types\/page"}],"author":[{"embeddable":true,"href":"https:\/\/gastrolifeassistance.com\/tr\/wp-json\/wp\/v2\/users\/1"}],"replies":[{"embeddable":true,"href":"https:\/\/gastrolifeassistance.com\/tr\/wp-json\/wp\/v2\/comments?post=4212"}],"version-history":[{"count":7,"href":"https:\/\/gastrolifeassistance.com\/tr\/wp-json\/wp\/v2\/pages\/4212\/revisions"}],"predecessor-version":[{"id":4225,"href":"https:\/\/gastrolifeassistance.com\/tr\/wp-json\/wp\/v2\/pages\/4212\/revisions\/4225"}],"wp:attachment":[{"href":"https:\/\/gastrolifeassistance.com\/tr\/wp-json\/wp\/v2\/media?parent=4212"}],"curies":[{"name":"wp","href":"https:\/\/api.w.org\/{rel}","templated":true}]}}