{"id":3609,"date":"2018-11-06T07:01:29","date_gmt":"2018-11-06T07:01:29","guid":{"rendered":"https:\/\/gastrolifeassistance.com\/about-us\/"},"modified":"2021-09-15T13:05:38","modified_gmt":"2021-09-15T13:05:38","slug":"hakkimizda","status":"publish","type":"page","link":"https:\/\/gastrolifeassistance.com\/tr\/hakkimizda\/","title":{"rendered":"Hakk\u0131m\u0131zda"},"content":{"rendered":"\t\t<div data-elementor-type=\"wp-post\" data-elementor-id=\"3609\" class=\"elementor elementor-3609 elementor-8\" data-elementor-settings=\"[]\">\n\t\t\t\t\t\t<div class=\"elementor-inner\">\n\t\t\t\t\t\t\t<div class=\"elementor-section-wrap\">\n\t\t\t\t\t\t\t<section class=\"elementor-section elementor-top-section elementor-element elementor-element-bdeedef elementor-section-full_width elementor-section-stretched elementor-section-height-default elementor-section-height-default\" data-id=\"bdeedef\" data-element_type=\"section\" data-settings=\"{&quot;stretch_section&quot;:&quot;section-stretched&quot;}\">\n\t\t\t\t\t\t<div class=\"elementor-container elementor-column-gap-no\">\n\t\t\t\t\t\t\t<div class=\"elementor-row\">\n\t\t\t\t\t<div class=\"elementor-column elementor-col-100 elementor-top-column elementor-element elementor-element-0d11988\" data-id=\"0d11988\" data-element_type=\"column\">\n\t\t\t<div class=\"elementor-column-wrap elementor-element-populated\">\n\t\t\t\t\t\t\t<div class=\"elementor-widget-wrap\">\n\t\t\t\t\t\t<div class=\"elementor-element elementor-element-aca7c94 elementor-hidden-mobile elementor-widget elementor-widget-image\" data-id=\"aca7c94\" data-element_type=\"widget\" data-widget_type=\"image.default\">\n\t\t\t\t<div class=\"elementor-widget-container\">\n\t\t\t\t\t\t\t\t<div class=\"elementor-image\">\n\t\t\t\t\t\t\t\t\t\t\t\t<img width=\"1024\" height=\"684\" src=\"https:\/\/gastrolifeassistance.com\/wp-content\/uploads\/2021\/08\/bdb2696d-21cb-4154-b700-61fbf33b8df6-1024x684.jpg\" class=\"attachment-large size-large\" alt=\"\" loading=\"lazy\" \/>\t\t\t\t\t\t\t\t\t\t\t\t\t\t<\/div>\n\t\t\t\t\t\t<\/div>\n\t\t\t\t<\/div>\n\t\t\t\t\t\t<\/div>\n\t\t\t\t\t<\/div>\n\t\t<\/div>\n\t\t\t\t\t\t\t\t<\/div>\n\t\t\t\t\t<\/div>\n\t\t<\/section>\n\t\t\t\t<section class=\"elementor-section elementor-top-section elementor-element elementor-element-bf3250a margin-class elementor-section-boxed elementor-section-height-default elementor-section-height-default\" data-id=\"bf3250a\" data-element_type=\"section\">\n\t\t\t\t\t\t<div class=\"elementor-container elementor-column-gap-default\">\n\t\t\t\t\t\t\t<div class=\"elementor-row\">\n\t\t\t\t\t<div class=\"elementor-column elementor-col-50 elementor-top-column elementor-element elementor-element-3f1cd99\" data-id=\"3f1cd99\" data-element_type=\"column\">\n\t\t\t<div class=\"elementor-column-wrap elementor-element-populated\">\n\t\t\t\t\t\t\t<div class=\"elementor-widget-wrap\">\n\t\t\t\t\t\t<div class=\"elementor-element elementor-element-01d89a6 elementor-hidden-mobile elementor-invisible elementor-widget elementor-widget-heading\" data-id=\"01d89a6\" data-element_type=\"widget\" data-settings=\"{&quot;_animation&quot;:&quot;fadeInDown&quot;}\" data-widget_type=\"heading.default\">\n\t\t\t\t<div class=\"elementor-widget-container\">\n\t\t\t<h2 class=\"elementor-heading-title elementor-size-default\">Hakk\u0131m\u0131zda\n<\/h2>\t\t<\/div>\n\t\t\t\t<\/div>\n\t\t\t\t<div class=\"elementor-element elementor-element-5ad738d elementor-widget elementor-widget-text-editor\" data-id=\"5ad738d\" data-element_type=\"widget\" data-widget_type=\"text-editor.default\">\n\t\t\t\t<div class=\"elementor-widget-container\">\n\t\t\t\t\t\t\t\t<div class=\"elementor-text-editor elementor-clearfix\">\n\t\t\t\t<p><span lang=\"tr\" style=\"font-size: 11.0pt; line-height: 115%; font-family: 'Arial',sans-serif; mso-fareast-font-family: Arial; mso-ansi-language: #001F; mso-fareast-language: TR; mso-bidi-language: AR-SA;\">Gastro Life Assistance olarak kendimizi, sizi T\u00fcrkiye&#8217;deki en iyi t\u0131bbi bak\u0131m hizmetleriyle bulu\u015fturmaya adad\u0131k. Size olan ba\u011fl\u0131l\u0131\u011f\u0131m\u0131z \u00f6m\u00fcr boyudur. \u0130leti\u015fime ge\u00e7ti\u011finiz andan itibaren size destek olmak i\u00e7in orada olaca\u011f\u0131z. Hastanede kald\u0131\u011f\u0131n\u0131z s\u00fcre boyunca, sizi desteklemek ve ana dilinize terc\u00fcme etmek i\u00e7in g\u00fcn\u00fcn 24 saati hastanede Gastro Life Assistance Ekibinin bir \u00fcyesi her zaman olacakt\u0131r. Bizimle ameliyat yolculu\u011funuz eve gitti\u011finizde bitmiyor. Eve d\u00f6n\u00fc\u015f\u00fcn\u00fczde sizinle d\u00fczenli olarak ileti\u015fim halinde olaca\u011f\u0131z ve sizinle hastanedeki sa\u011fl\u0131k ekibi aras\u0131nda a\u00e7\u0131k ileti\u015fim sa\u011flayaca\u011f\u0131z. Ameliyattan sonra istedi\u011finiz zaman check-up i\u00e7in ya da sadece &#8216;Merhaba&#8217; demek i\u00e7in T\u00fcrkiye&#8217;ye d\u00f6nebilirsiniz! Hastalar\u0131m\u0131z\u0131n d\u00f6n\u00fc\u015f\u00fcmlerini g\u00f6rmeyi ve burada GLA&#8217;da \u00f6m\u00fcr boyu arkada\u015flar edinmeyi seviyoruz. Sa\u011fl\u0131\u011f\u0131n\u0131z bizim \u00f6nceli\u011fimizdir ve sizi a\u011f\u0131rlamay\u0131 ve yeni gelece\u011finize giden yolculukta sizi desteklemeyi d\u00f6rt g\u00f6zle bekliyoruz.<\/span><\/p>\t\t\t\t\t<\/div>\n\t\t\t\t\t\t<\/div>\n\t\t\t\t<\/div>\n\t\t\t\t\t\t<\/div>\n\t\t\t\t\t<\/div>\n\t\t<\/div>\n\t\t\t\t<div class=\"elementor-column elementor-col-50 elementor-top-column elementor-element elementor-element-d0061ad\" data-id=\"d0061ad\" data-element_type=\"column\">\n\t\t\t<div class=\"elementor-column-wrap\">\n\t\t\t\t\t\t\t<div class=\"elementor-widget-wrap\">\n\t\t\t\t\t\t\t\t<\/div>\n\t\t\t\t\t<\/div>\n\t\t<\/div>\n\t\t\t\t\t\t\t\t<\/div>\n\t\t\t\t\t<\/div>\n\t\t<\/section>\n\t\t\t\t<section class=\"elementor-section elementor-top-section elementor-element elementor-element-3cd99cb6 elementor-section-stretched elementor-section-boxed elementor-section-height-default elementor-section-height-default\" data-id=\"3cd99cb6\" data-element_type=\"section\" data-settings=\"{&quot;stretch_section&quot;:&quot;section-stretched&quot;,&quot;background_background&quot;:&quot;classic&quot;}\">\n\t\t\t\t\t\t<div class=\"elementor-container elementor-column-gap-no\">\n\t\t\t\t\t\t\t<div class=\"elementor-row\">\n\t\t\t\t\t<div class=\"elementor-column elementor-col-50 elementor-top-column elementor-element elementor-element-0a4d848\" data-id=\"0a4d848\" data-element_type=\"column\" data-settings=\"{&quot;background_background&quot;:&quot;classic&quot;}\">\n\t\t\t<div class=\"elementor-column-wrap elementor-element-populated\">\n\t\t\t\t\t\t\t<div class=\"elementor-widget-wrap\">\n\t\t\t\t\t\t<div class=\"elementor-element elementor-element-8d719c9 elementor-widget elementor-widget-heading\" data-id=\"8d719c9\" data-element_type=\"widget\" data-widget_type=\"heading.default\">\n\t\t\t\t<div class=\"elementor-widget-container\">\n\t\t\t<h2 class=\"elementor-heading-title elementor-size-default\">Neden Bizi Se\u00e7melisiniz?<\/h2>\t\t<\/div>\n\t\t\t\t<\/div>\n\t\t\t\t<div class=\"elementor-element elementor-element-1dd03d3 elementor-widget-divider--view-line elementor-widget elementor-widget-divider\" data-id=\"1dd03d3\" data-element_type=\"widget\" data-widget_type=\"divider.default\">\n\t\t\t\t<div class=\"elementor-widget-container\">\n\t\t\t\t\t<div class=\"elementor-divider\">\n\t\t\t<span class=\"elementor-divider-separator\">\n\t\t\t\t\t\t<\/span>\n\t\t<\/div>\n\t\t\t\t<\/div>\n\t\t\t\t<\/div>\n\t\t\t\t<div class=\"elementor-element elementor-element-f8e7cad elementor-position-left elementor-view-default elementor-vertical-align-top elementor-widget elementor-widget-icon-box\" data-id=\"f8e7cad\" data-element_type=\"widget\" data-widget_type=\"icon-box.default\">\n\t\t\t\t<div class=\"elementor-widget-container\">\n\t\t\t\t\t<div class=\"elementor-icon-box-wrapper\">\n\t\t\t\t\t\t<div class=\"elementor-icon-box-icon\">\n\t\t\t\t<a class=\"elementor-icon elementor-animation-\" href=\"#\">\n\t\t\t\t<i aria-hidden=\"true\" class=\"fas fa-briefcase-medical\"><\/i>\t\t\t\t<\/a>\n\t\t\t<\/div>\n\t\t\t\t\t\t<div class=\"elementor-icon-box-content\">\n\t\t\t\t<h3 class=\"elementor-icon-box-title\">\n\t\t\t\t\t<a href=\"#\" >\n\t\t\t\t\t\tAyr\u0131cal\u0131kl\u0131 Olma\t\t\t\t\t<\/a>\n\t\t\t\t<\/h3>\n\t\t\t\t\t\t\t\t\t<p class=\"elementor-icon-box-description\">\n\t\t\t\t\t\tEn se\u00e7kin t\u0131bbi hizmetleri sa\u011fl\u0131yoruz, b\u00f6ylece  kendiniz aramak zorunda kalmazs\u0131n\u0131z. T\u00fcm cerrahlar\u0131m\u0131z, hastanelerimiz ve di\u015f hekimlerimiz kendi alanlar\u0131nda liderdir ve hepsi en son teknoloji ile \u00f6zel olarak \u00e7al\u0131\u015fmaktad\u0131r. \t\t\t\t\t<\/p>\n\t\t\t\t\t\t\t<\/div>\n\t\t<\/div>\n\t\t\t\t<\/div>\n\t\t\t\t<\/div>\n\t\t\t\t<div class=\"elementor-element elementor-element-25eba98 elementor-position-left elementor-view-default elementor-vertical-align-top elementor-widget elementor-widget-icon-box\" data-id=\"25eba98\" data-element_type=\"widget\" data-widget_type=\"icon-box.default\">\n\t\t\t\t<div class=\"elementor-widget-container\">\n\t\t\t\t\t<div class=\"elementor-icon-box-wrapper\">\n\t\t\t\t\t\t<div class=\"elementor-icon-box-icon\">\n\t\t\t\t<a class=\"elementor-icon elementor-animation-\" href=\"#\">\n\t\t\t\t<i aria-hidden=\"true\" class=\"fas fa-heart\"><\/i>\t\t\t\t<\/a>\n\t\t\t<\/div>\n\t\t\t\t\t\t<div class=\"elementor-icon-box-content\">\n\t\t\t\t<h3 class=\"elementor-icon-box-title\">\n\t\t\t\t\t<a href=\"#\" >\n\t\t\t\t\t\tBak\u0131m\t\t\t\t\t<\/a>\n\t\t\t\t<\/h3>\n\t\t\t\t\t\t\t\t\t<p class=\"elementor-icon-box-description\">\n\t\t\t\t\t\tU\u00e7aktan indi\u011finiz andan itibaren her \u015feyin organize edildi\u011fi \u00f6zg\u00fcn, her \u015fey dahil paketler sunuyoruz. Bak\u0131c\u0131lar\u0131m\u0131zdan biri, ba\u015ftan sona kesinlikle her konuda size yard\u0131mc\u0131 olmak i\u00e7in 7\/24 hastanede sizinle birlikte kalacakt\u0131r. \t\t\t\t\t<\/p>\n\t\t\t\t\t\t\t<\/div>\n\t\t<\/div>\n\t\t\t\t<\/div>\n\t\t\t\t<\/div>\n\t\t\t\t<div class=\"elementor-element elementor-element-9602c09 elementor-position-left elementor-view-default elementor-vertical-align-top elementor-widget elementor-widget-icon-box\" data-id=\"9602c09\" data-element_type=\"widget\" data-widget_type=\"icon-box.default\">\n\t\t\t\t<div class=\"elementor-widget-container\">\n\t\t\t\t\t<div class=\"elementor-icon-box-wrapper\">\n\t\t\t\t\t\t<div class=\"elementor-icon-box-icon\">\n\t\t\t\t<a class=\"elementor-icon elementor-animation-\" href=\"#\">\n\t\t\t\t<i aria-hidden=\"true\" class=\"fas fa-tasks\"><\/i>\t\t\t\t<\/a>\n\t\t\t<\/div>\n\t\t\t\t\t\t<div class=\"elementor-icon-box-content\">\n\t\t\t\t<h3 class=\"elementor-icon-box-title\">\n\t\t\t\t\t<a href=\"#\" >\n\t\t\t\t\t\tBa\u011fl\u0131l\u0131k\t\t\t\t\t<\/a>\n\t\t\t\t<\/h3>\n\t\t\t\t\t\t\t\t\t<p class=\"elementor-icon-box-description\">\n\t\t\t\t\t\t\u00d6nceli\u011fimiz sizin sa\u011fl\u0131\u011f\u0131n\u0131z ve mutlulu\u011funuz ve size olan ba\u011fl\u0131l\u0131\u011f\u0131m\u0131z ve bu \u00f6ncelikler \u00f6m\u00fcr boyu s\u00fcrecektir. Tedaviniz \u00f6ncesinde, s\u0131ras\u0131nda ve sonras\u0131nda gece veya g\u00fcnd\u00fcz istedi\u011finiz zaman bizimle ileti\u015fime ge\u00e7ebilirsiniz, elit sa\u011fl\u0131k ekibimizin yard\u0131m\u0131yla size her zaman destek olmak ve rehberlik etmek i\u00e7in elimizden gelen her \u015feyi yapaca\u011f\u0131z.\t\t\t\t\t<\/p>\n\t\t\t\t\t\t\t<\/div>\n\t\t<\/div>\n\t\t\t\t<\/div>\n\t\t\t\t<\/div>\n\t\t\t\t\t\t<\/div>\n\t\t\t\t\t<\/div>\n\t\t<\/div>\n\t\t\t\t<div class=\"elementor-column elementor-col-50 elementor-top-column elementor-element elementor-element-255e3307\" data-id=\"255e3307\" data-element_type=\"column\" data-settings=\"{&quot;background_background&quot;:&quot;classic&quot;}\">\n\t\t\t<div class=\"elementor-column-wrap elementor-element-populated\">\n\t\t\t\t\t\t\t<div class=\"elementor-widget-wrap\">\n\t\t\t\t\t\t<div class=\"elementor-element elementor-element-55d1c875 elementor-widget elementor-widget-shortcode\" data-id=\"55d1c875\" data-element_type=\"widget\" data-widget_type=\"shortcode.default\">\n\t\t\t\t<div class=\"elementor-widget-container\">\n\t\t\t\t\t<div class=\"elementor-shortcode\"><div role=\"form\" class=\"wpcf7\" id=\"wpcf7-f2696-o1\" lang=\"en-US\" dir=\"ltr\">\n<div class=\"screen-reader-response\"><p role=\"status\" aria-live=\"polite\" aria-atomic=\"true\"><\/p> <ul><\/ul><\/div>\n<form action=\"\/tr\/wp-json\/wp\/v2\/pages\/3609#wpcf7-f2696-o1\" method=\"post\" class=\"wpcf7-form init\" novalidate=\"novalidate\" data-status=\"init\">\n<div style=\"display: none;\">\n<input type=\"hidden\" name=\"_wpcf7\" value=\"2696\" \/>\n<input type=\"hidden\" name=\"_wpcf7_version\" value=\"5.4.2\" \/>\n<input type=\"hidden\" name=\"_wpcf7_locale\" value=\"en_US\" \/>\n<input type=\"hidden\" name=\"_wpcf7_unit_tag\" value=\"wpcf7-f2696-o1\" \/>\n<input type=\"hidden\" name=\"_wpcf7_container_post\" value=\"0\" \/>\n<input type=\"hidden\" name=\"_wpcf7_posted_data_hash\" value=\"\" \/>\n<\/div>\n<div class=\"appointment-box-layout1 light\">\n<h3 class=\"section-title-light title-bar-primary\">Make An Appointment<\/h3>\n<div class=\"row gutters-15\">\n<div class=\"col-12 form-group\">\n<span class=\"wpcf7-form-control-wrap department\"><select name=\"department\" class=\"wpcf7-form-control wpcf7-select wpcf7-validates-as-required select2\" aria-required=\"true\" aria-invalid=\"false\"><option value=\"Select Department\">Select Department<\/option><option value=\"Gynaecology\">Gynaecology<\/option><option value=\"Cardiology\">Cardiology<\/option><option value=\"Orthopaedics\">Orthopaedics<\/option><option value=\"Medicine\">Medicine<\/option><\/select><\/span>\n<\/div>\n<div class=\"col-12 form-group\">\n<span class=\"wpcf7-form-control-wrap form-name\"><input type=\"text\" name=\"form-name\" value=\"\" size=\"40\" class=\"wpcf7-form-control wpcf7-text wpcf7-validates-as-required form-control\" aria-required=\"true\" aria-invalid=\"false\" placeholder=\"Name Surname *\" \/><\/span>\n<\/div>\n<div class=\"col-12 form-group\">\n<span class=\"wpcf7-form-control-wrap form-name\"><input type=\"text\" name=\"form-name\" value=\"\" size=\"40\" class=\"wpcf7-form-control wpcf7-text wpcf7-validates-as-required form-control\" aria-required=\"true\" aria-invalid=\"false\" placeholder=\"Country *\" \/><\/span>\n<\/div>\n<div class=\"col-md-6 form-group\">\n<span class=\"wpcf7-form-control-wrap form-name\"><input type=\"text\" name=\"form-name\" value=\"\" size=\"40\" class=\"wpcf7-form-control wpcf7-text wpcf7-validates-as-required form-control\" aria-required=\"true\" aria-invalid=\"false\" placeholder=\"Phone *\" \/><\/span>\n<\/div>\n<div class=\"col-md-6 form-group\">\n<span class=\"wpcf7-form-control-wrap email\"><input type=\"email\" name=\"email\" value=\"\" size=\"40\" class=\"wpcf7-form-control wpcf7-text wpcf7-email wpcf7-validates-as-required wpcf7-validates-as-email form-control\" aria-required=\"true\" aria-invalid=\"false\" placeholder=\"E-mail*\" \/><\/span>\n<\/div>\n<div class=\"col-12 form-group\">\n<span class=\"wpcf7-form-control-wrap message\"><textarea name=\"message\" cols=\"40\" rows=\"10\" class=\"wpcf7-form-control wpcf7-textarea textarea form-control\" aria-invalid=\"false\" placeholder=\"Message\"><\/textarea><\/span>\n<\/div>\n<div class=\"col-12 form-group\">\n<input type=\"submit\" value=\"Get Free Consultation\" class=\"wpcf7-form-control wpcf7-submit item-btn\" \/>\n<\/div>\n<\/div>\n<\/div>\n<div class=\"wpcf7-response-output\" aria-hidden=\"true\"><\/div><\/form><\/div><\/div>\n\t\t\t\t<\/div>\n\t\t\t\t<\/div>\n\t\t\t\t\t\t<\/div>\n\t\t\t\t\t<\/div>\n\t\t<\/div>\n\t\t\t\t\t\t\t\t<\/div>\n\t\t\t\t\t<\/div>\n\t\t<\/section>\n\t\t\t\t\t\t<\/div>\n\t\t\t\t\t\t<\/div>\n\t\t\t\t\t<\/div>\n\t\t","protected":false},"excerpt":{"rendered":"<p>Hakk\u0131m\u0131zda Gastro Life Assistance olarak kendimizi, sizi T\u00fcrkiye&#8217;deki en iyi t\u0131bbi bak\u0131m hizmetleriyle bulu\u015fturmaya adad\u0131k. Size olan ba\u011fl\u0131l\u0131\u011f\u0131m\u0131z \u00f6m\u00fcr boyudur. \u0130leti\u015fime ge\u00e7ti\u011finiz andan itibaren size destek olmak i\u00e7in orada olaca\u011f\u0131z. Hastanede kald\u0131\u011f\u0131n\u0131z s\u00fcre boyunca, sizi desteklemek ve ana dilinize terc\u00fcme etmek i\u00e7in g\u00fcn\u00fcn 24 saati hastanede Gastro Life Assistance Ekibinin bir \u00fcyesi her zaman olacakt\u0131r.<\/p>\n","protected":false},"author":1,"featured_media":0,"parent":0,"menu_order":0,"comment_status":"closed","ping_status":"closed","template":"","meta":[],"_links":{"self":[{"href":"https:\/\/gastrolifeassistance.com\/tr\/wp-json\/wp\/v2\/pages\/3609"}],"collection":[{"href":"https:\/\/gastrolifeassistance.com\/tr\/wp-json\/wp\/v2\/pages"}],"about":[{"href":"https:\/\/gastrolifeassistance.com\/tr\/wp-json\/wp\/v2\/types\/page"}],"author":[{"embeddable":true,"href":"https:\/\/gastrolifeassistance.com\/tr\/wp-json\/wp\/v2\/users\/1"}],"replies":[{"embeddable":true,"href":"https:\/\/gastrolifeassistance.com\/tr\/wp-json\/wp\/v2\/comments?post=3609"}],"version-history":[{"count":92,"href":"https:\/\/gastrolifeassistance.com\/tr\/wp-json\/wp\/v2\/pages\/3609\/revisions"}],"predecessor-version":[{"id":5867,"href":"https:\/\/gastrolifeassistance.com\/tr\/wp-json\/wp\/v2\/pages\/3609\/revisions\/5867"}],"wp:attachment":[{"href":"https:\/\/gastrolifeassistance.com\/tr\/wp-json\/wp\/v2\/media?parent=3609"}],"curies":[{"name":"wp","href":"https:\/\/api.w.org\/{rel}","templated":true}]}}